{"id":1630,"date":"2025-04-16T13:12:20","date_gmt":"2025-04-16T11:12:20","guid":{"rendered":"https:\/\/spjelentkezes.mdakft.hu\/kulhoni-magyarok-felveteli-erettsegi-elokeszito-kepzese-2025-karpatalja\/"},"modified":"2025-04-16T13:12:20","modified_gmt":"2025-04-16T11:12:20","slug":"kulhoni-magyarok-felveteli-erettsegi-elokeszito-kepzese-2025-karpatalja","status":"publish","type":"page","link":"https:\/\/spjelentkezes.mdakft.hu\/en\/kulhoni-magyarok-felveteli-erettsegi-elokeszito-kepzese-2025-karpatalja\/","title":{"rendered":"K\u00fclhoni magyarok felv\u00e9teli-\u00e9retts\u00e9gi el\u0151k\u00e9sz\u00edt\u0151 k\u00e9pz\u00e9se 2025 &#8211; K\u00e1rp\u00e1talja"},"content":{"rendered":"<div class=\"gb-container gb-container-0b1fccfb shadow\"><div class=\"gb-inside-container\">\n\n<h2 class=\"gb-headline gb-headline-6bc52b45\"><span class=\"gb-icon\"><svg version=\"1.1\" id=\"Capa_1\" xmlns=\"http:\/\/www.w3.org\/2000\/svg\" xmlns:xlink=\"http:\/\/www.w3.org\/1999\/xlink\" x=\"0px\" y=\"0px\" width=\"21.862px\" height=\"21.862px\" viewBox=\"0 0 21.862 21.862\" style=\"enable-background:new 0 0 21.862 21.862;\" xml:space=\"preserve\"> <g> \t<path style=\"fill:#121111;\" d=\"M21.631,7.214c-1.06-0.353-1.571-2.072-3.076-1.263c-0.131,0.069-0.397-0.022-0.56-0.113 \t\tc-1.857-1.037-2.95-0.921-4.67,0.385c-0.412,0.311-0.95,0.42-1.527,0.502C10.57,6.898,9.115,6.678,8.288,8.026 \t\tc-0.214,0.348-0.62,0.33-0.965,0.339c-1.17,0.039-2.35,0.152-3.327-0.75C3.51,7.167,2.973,7.275,2.851,7.929 \t\tC2.699,8.729,2.367,8.81,1.698,8.542c-0.334-0.135-0.788-0.13-0.705,0.42c0.192,1.274-0.192,2.429-0.993,2.93 \t\tc0.631,1.799,2.303,2.622,3.649,3.688c1.28,1.018,2.729,1.582,4.623,0.709c1.513-0.695,3.192-1.426,5.09-1.117 \t\tc1.144,0.184,2.42-0.134,3.191-1.199c0.65-0.897,1.159-1.898,1.73-2.854c0.709-1.192,1.158-2.601,2.897-2.79 \t\tC21.596,8.287,22.197,7.404,21.631,7.214z\"><\/path> <\/g> <g> <\/g> <g> <\/g> <g> <\/g> <g> <\/g> <g> <\/g> <g> <\/g> <g> <\/g> <g> <\/g> <g> <\/g> <g> <\/g> <g> <\/g> <g> <\/g> <g> <\/g> <g> <\/g> <g> <\/g> <\/svg><\/span><span class=\"gb-headline-text\">K\u00fclhoni magyarok felv\u00e9teli-\u00e9retts\u00e9gi el\u0151k\u00e9sz\u00edt\u0151 k\u00e9pz\u00e9se 2025\/2026<br><strong>K\u00e1rp\u00e1talja<\/strong><\/span><\/h2>\n\n\n\n<hr class=\"wp-block-separator has-css-opacity is-style-wide\"\/>\n\n\n\n<p>A Balassi B\u00e1lint-\u00f6szt\u00f6nd\u00edjprogramr\u00f3l sz\u00f3l\u00f3 606\/2023. (XII. 22.) Korm. rendelet, valamint a K\u00fclgazdas\u00e1gi \u00e9s K\u00fcl\u00fcgyminiszt\u00e9rium Szervezeti \u00e9s M\u0171k\u00f6d\u00e9si Szab\u00e1lyzat\u00e1r\u00f3l sz\u00f3l\u00f3 11\/2022. (IX. 6.) KKM utas\u00edt\u00e1s&nbsp;alapj\u00e1n a K\u00fclgazdas\u00e1gi \u00e9s K\u00fcl\u00fcgyminiszt\u00e9rium (a tov\u00e1bbiakban: KKM) \u00f6szt\u00f6nd\u00edjp\u00e1ly\u00e1zatot hirdet a&nbsp;2025\/2026. tan\u00e9vre, k\u00fclhoni magyarok \u00c9RETTS\u00c9GI-FELV\u00c9TELI EL\u0150K\u00c9SZ\u00cdT\u0150 K\u00c9PZ\u00c9S\u00c9RE.<\/p>\n\n\n\n<h3 class=\"gb-headline gb-headline-db8e71cb\"><span class=\"gb-icon\"><svg aria-hidden=\"true\" height=\"1em\" width=\"1em\" viewBox=\"0 0 512 512\" xmlns=\"http:\/\/www.w3.org\/2000\/svg\"><path fill=\"currentColor\" d=\"M256 8C119 8 8 119 8 256s111 248 248 248 248-111 248-248S393 8 256 8zm0 448c-110.5 0-200-89.5-200-200S145.5 56 256 56s200 89.5 200 200-89.5 200-200 200zm61.8-104.4l-84.9-61.7c-3.1-2.3-4.9-5.9-4.9-9.7V116c0-6.6 5.4-12 12-12h32c6.6 0 12 5.4 12 12v141.7l66.8 48.6c5.4 3.9 6.5 11.4 2.6 16.8L334.6 349c-3.9 5.3-11.4 6.5-16.8 2.6z\"><\/path><\/svg><\/span><span class=\"gb-headline-text\">Hat\u00e1rid\u0151<\/span><\/h3>\n\n\n\n<p>A p\u00e1ly\u00e1zat bek\u00fcld\u00e9si hat\u00e1rideje: 2025. j\u00falius 30., 12.00 (UTC+1)<\/p>\n\n\n\n<h3 class=\"gb-headline gb-headline-3343ea6f\"><span class=\"gb-icon\"><svg xmlns=\"http:\/\/www.w3.org\/2000\/svg\" viewBox=\"0 0 448 512\" width=\"1em\" height=\"1em\" aria-hidden=\"true\"><path d=\"M16 132h416c8.837 0 16-7.163 16-16V76c0-8.837-7.163-16-16-16H16C7.163 60 0 67.163 0 76v40c0 8.837 7.163 16 16 16zm0 160h416c8.837 0 16-7.163 16-16v-40c0-8.837-7.163-16-16-16H16c-8.837 0-16 7.163-16 16v40c0 8.837 7.163 16 16 16zm0 160h416c8.837 0 16-7.163 16-16v-40c0-8.837-7.163-16-16-16H16c-8.837 0-16 7.163-16 16v40c0 8.837 7.163 16 16 16z\" fill=\"currentColor\"><\/path><\/svg><\/span><span class=\"gb-headline-text\">P\u00e1ly\u00e1zat sz\u00f6vege<\/span><\/h3>\n\n\n\n<p>A p\u00e1ly\u00e1zati felh\u00edv\u00e1s az al\u00e1bbi honlapon tal\u00e1lhat\u00f3:<br><a href=\"https:\/\/balassieducation.hu\/osztondijpalyazatok\" data-type=\"URL\" data-id=\"https:\/\/balassieducation.hu\/osztondijpalyazatok\" target=\"_blank\" rel=\"noreferrer noopener\">https:\/\/balassieducation.hu\/osztondijpalyazatok<\/a><\/p>\n\n\n\n<h3 class=\"gb-headline gb-headline-676b81b3\"><span class=\"gb-icon\"><svg id=\"Layer_1_1_\" height=\"512\" viewBox=\"0 0 64 64\" width=\"512\" xmlns=\"http:\/\/www.w3.org\/2000\/svg\"><path d=\"m9 15c2.97223 0 5.43304-2.16339 5.91003-5h11.6759l-1.29297 1.29297 1.41406 1.41406 3.70704-3.70703-3.70703-3.70703-1.41406 1.41406 1.29297 1.29297h-11.6759c-.477-2.83661-2.93781-5-5.91004-5-3.31372 0-6 2.68628-6 6s2.68628 6 6 6z\"><\/path><path d=\"m49.5 8h-6.58997c-.47699-2.83661-2.9378-5-5.91003-5-3.31372 0-6 2.68628-6 6s2.68628 6 6 6c2.97223 0 5.43304-2.16339 5.91003-5h6.58997c5.79004 0 10.5 4.71045 10.5 10.5s-4.70996 10.5-10.5 10.5h-16.08594l1.29297-1.29297-1.41406-1.41406-3.70703 3.70703 3.70703 3.70703 1.41406-1.41406-1.29297-1.29297h16.08594c6.89258 0 12.5-5.60742 12.5-12.5s-5.60742-12.5-12.5-12.5z\"><\/path><circle cx=\"55\" cy=\"55\" r=\"6\"><\/circle><path d=\"m27 49c-3.31372 0-6 2.68628-6 6s2.68628 6 6 6c2.97223 0 5.43304-2.16339 5.91003-5h11.6759l-1.29297 1.29297 1.41406 1.41406 3.70704-3.70703-3.70703-3.70703-1.41406 1.41406 1.29297 1.29297h-11.6759c-.477-2.83661-2.93781-5-5.91004-5z\"><\/path><path d=\"m14.5 56h2.08594l-1.29297 1.29297 1.41406 1.41406 3.70703-3.70703-3.70703-3.70703-1.41406 1.41406 1.29297 1.29297h-2.08594c-5.79004 0-10.5-4.71045-10.5-10.5s4.70996-10.5 10.5-10.5h2.58997c.47699 2.83661 2.93781 5 5.91003 5 3.31372 0 6-2.68628 6-6s-2.68628-6-6-6c-2.97223 0-5.43304 2.16339-5.91003 5h-2.58997c-6.89258 0-12.5 5.60742-12.5 12.5s5.60742 12.5 12.5 12.5z\"><\/path><\/svg><\/span><span class=\"gb-headline-text\">P\u00e1ly\u00e1zat menete<\/span><\/h3>\n\n\n\n<ol class=\"wp-block-list\">\n<li>Kattintson a Jelentkez\u00e9si \u0171rlap kit\u00f6lt\u00e9se gombra!<\/li>\n\n\n\n<li>A jelentkez\u00e9si \u0171rlap kit\u00f6lt\u00e9se, a sz\u00fcks\u00e9ges dokumentumok felt\u00f6lt\u00e9se:<ul><li>a p\u00e1ly\u00e1z\u00f3 (vagy t\u00f6rv\u00e9nyes k\u00e9pvisel\u0151 \u00e1ltal is) al\u00e1\u00edrt <a href=\"https:\/\/spjelentkezes.mdakft.hu\/files\/Nyilatkozat_kulhoni_2025.pdf\" data-type=\"URL\" data-id=\"https:\/\/spjelentkezes.mdakft.hu\/files\/03_Nyilatkozat_Statement.pdf\" target=\"_blank\" rel=\"noreferrer noopener\">nyilatkozata <\/a>(form\u00e1tum: .pdf, jpg, jpeg),<\/li><\/ul>\n<ul class=\"wp-block-list\">\n<li>a p\u00e1ly\u00e1z\u00f3 al\u00e1\u00edrt\u00a0<a href=\"https:\/\/spjelentkezes.mdakft.hu\/files\/Egeszsegugyi_nyilatkozat_kulhoni_2025.pdf\" data-type=\"link\" data-id=\"https:\/\/spjelentkezes.mdakft.hu\/files\/Egeszsegugyi_nyilatkozat_kulhoni_2025.pdf\" target=\"_blank\" rel=\"noreferrer noopener\">eg\u00e9szs\u00e9g\u00fcgyi nyilatkozata\u00a0<\/a>(form\u00e1tum: .pdf, jpg, jpeg),<\/li>\n\n\n\n<li>a k\u00f6z\u00e9piskola valamennyi oszt\u00e1lya bizony\u00edtv\u00e1ny\u00e1nak m\u00e1solata (magyarul vagy angolul) m\u00e1s nyelv eset\u00e9n egyszer\u0171 magyar ford\u00edt\u00e1ssal (form\u00e1tum: .pdf, jpg, jpeg),<\/li>\n\n\n\n<li>sz\u00fcl\u0151f\u00f6ldi \u00e9retts\u00e9gi bizony\u00edtv\u00e1ny vagy az azzal egyen\u00e9rt\u00e9k\u0171, az ukr\u00e1n miniszt\u00e9rium \u00e1ltal elismert\/kiadott bizony\u00edtv\u00e1ny\/igazol\u00e1s \u00f6sszes oldala \u00e9s egyszer\u0171 magyar ford\u00edt\u00e1sa (form\u00e1tum: pdf, jpg, jpeg)*,<\/li>\n\n\n\n<li>amennyiben van, a Magyarorsz\u00e1gon letett k\u00f6z\u00e9pszint\u0171 vagy emelt szint\u0171 \u00e9retts\u00e9gi oklevel\u00e9nek, bizony\u00edtv\u00e1ny\u00e1nak (t\u00f6rzslapj\u00e1nak) m\u00e1solata (form\u00e1tum: .pdf, jpg, jpeg),<\/li>\n\n\n\n<li>az \u00fatlev\u00e9l vagy \u00fatiokm\u00e1nyk\u00e9nt haszn\u00e1lhat\u00f3 igazolv\u00e1ny m\u00e1solata (form\u00e1tum: .pdf, jpg, jpeg),<\/li>\n\n\n\n<li>az \u00e1lland\u00f3 lakhelyet igazol\u00f3 okm\u00e1ny m\u00e1solata (form\u00e1tum: .pdf, jpg, jpeg),<\/li>\n\n\n\n<li>a sz\u00fcl\u0151f\u00f6ld\u00f6n f\u00fcggetlen vizsgak\u00f6zpontban vagy multiteszt keretei k\u00f6z\u00f6tt letett \u00e9retts\u00e9gi vizsg\u00e1t bizony\u00edt\u00f3 szertifik\u00e1t\/igazol\u00e1s \u00e9s ha van, akkor annak mell\u00e9klet\u00e9nek (melyben az eredm\u00e9ny is fel van t\u00fcntetve) m\u00e1solata (form\u00e1tum: pdf, jpg, jpeg)*<\/li>\n\n\n\n<li>a magyar nemzetis\u00e9g igazol\u00e1sa (e c\u00e9lra egyar\u00e1nt alkalmas a Magyar igazolv\u00e1ny [az igazolv\u00e1ny sz\u00e1m\u00e1nak \u00e9s adatlapj\u00e1nak] vagy a Magyar igazolv\u00e1nyra vonatkoz\u00f3 ig\u00e9nyl\u00e9s, illetve ezek hi\u00e1ny\u00e1ban minden olyan dokumentum m\u00e1solata, amelyb\u0151l a nemzetis\u00e9g hitelt \u00e9rdeml\u0151en meg\u00e1llap\u00edthat\u00f3.) (form\u00e1tum: .pdf, jpg, jpeg)<\/li>\n<\/ul>\n<\/li>\n\n\n\n<li>A jelentkez\u00e9s lez\u00e1r\u00e1sa \u00e9s bek\u00fcld\u00e9se<\/li>\n<\/ol>\n\n\n\n<h3 class=\"gb-headline gb-headline-f13131e3\"><span class=\"gb-icon\"><svg version=\"1.1\" id=\"Capa_1\" xmlns=\"http:\/\/www.w3.org\/2000\/svg\" xmlns:xlink=\"http:\/\/www.w3.org\/1999\/xlink\" x=\"0px\" y=\"0px\" viewBox=\"0 0 512 512\" style=\"enable-background:new 0 0 512 512;\" xml:space=\"preserve\"> <g> \t<g> \t\t<path d=\"M256,0C115.2,0,0,115.2,0,256s115.2,256,256,256s256-115.2,256-256S396.8,0,256,0z M256,51.2 \t\t\tc28.16,0,48.64,23.04,46.08,51.2L281.6,307.2h-51.2l-20.48-204.8C207.36,74.24,227.84,51.2,256,51.2z M256,460.8 \t\t\tc-28.16,0-51.2-23.04-51.2-51.2c0-28.16,23.04-51.2,51.2-51.2s51.2,23.04,51.2,51.2C307.2,437.76,284.16,460.8,256,460.8z\"><\/path> \t<\/g> <\/g> <g> <\/g> <g> <\/g> <g> <\/g> <g> <\/g> <g> <\/g> <g> <\/g> <g> <\/g> <g> <\/g> <g> <\/g> <g> <\/g> <g> <\/g> <g> <\/g> <g> <\/g> <g> <\/g> <g> <\/g> <\/svg><\/span><span class=\"gb-headline-text\">A p\u00e1ly\u00e1zat sor\u00e1n figyeljen az al\u00e1bbiakra:<\/span><\/h3>\n\n\n\n<ul class=\"wp-block-list\">\n<li>javasoljuk Chrome vagy Firefox vagy Edge vagy Safari b\u00f6ng\u00e9sz\u0151k haszn\u00e1lat\u00e1t<\/li>\n\n\n\n<li>a megkezdett p\u00e1ly\u00e1zatot az adatlap kit\u00f6lt\u00e9se ut\u00e1n mentheti, ezt k\u00f6vet\u0151en az e-mailben megkapott adatokkal a p\u00e1ly\u00e1zati id\u0151szakban tov\u00e1bb folytathatja a dokumentumok felt\u00f6lt\u00e9s\u00e9t vagy jav\u00edthatja a megadott adatokat<\/li>\n\n\n\n<li>k\u00e9rj\u00fck, figyeljen arra, hogy minden sz\u00fcks\u00e9ges dokumentumot felt\u00f6lts\u00f6n a p\u00e1ly\u00e1zati hat\u00e1rid\u0151ig<\/li>\n\n\n\n<li>k\u00e9rj\u00fck, figyelje a p\u00e1ly\u00e1zat sor\u00e1n megadott e-mail c\u00edm\u00e9re \u00e9rkez\u0151 leveleit, mert a p\u00e1ly\u00e1zattal kapcsolatos inform\u00e1ci\u00f3kat \u00e9s a p\u00e1ly\u00e1zati eredm\u00e9nyt is lev\u00e9lben fogjuk elk\u00fcldeni a megadott id\u0151pontig<\/li>\n<\/ul>\n\n\n\n<div class=\"Accordion\" data-accordion=\"\">\n<div class=\"Accordion__title\" data-title=\"\">\n<h4><svg aria-hidden=\"true\" height=\"1em\" width=\"1em\" viewBox=\"0 0 512 512\" xmlns=\"http:\/\/www.w3.org\/2000\/svg\"><path fill=\"currentColor\" d=\"M504 256c0 136.967-111.033 248-248 248S8 392.967 8 256 119.033 8 256 8s248 111.033 248 248zM227.314 387.314l184-184c6.248-6.248 6.248-16.379 0-22.627l-22.627-22.627c-6.248-6.249-16.379-6.249-22.628 0L216 308.118l-70.059-70.059c-6.248-6.248-16.379-6.248-22.628 0l-22.627 22.627c-6.248 6.248-6.248 16.379 0 22.627l104 104c6.249 6.249 16.379 6.249 22.628.001z\"><\/path><\/svg>\nJelentkez\u00e9si \u0171rlap kit\u00f6lt\u00e9se<\/h4><\/div>\n<div class=\"Accordion__content\" data-content=\"\">\n<link\nrel=\"stylesheet\" type=\"text\/css\" href=\"\/\/fonts.googleapis.com\/css?family=Roboto:400,400italic,700,700italic|Roboto:400,400italic,700,700italic\" \/><style type=\"text\/css\">\/*==============================================================================\n\t * Font Family\n\t *============================================================================*\/\n\tbody #ipt_fsqm_form_wrap_125,\n\tbody #ipt_fsqm_form_wrap_125.ipt_uif_common,\n\tbody #ipt_fsqm_form_wrap_125.ipt_uif_common .ui-widget,\n\tbody #ipt_fsqm_form_wrap_125.ipt_uif_tabs.ui-tabs .ui-tabs-nav li a span,\n\tbody #ipt_fsqm_form_wrap_125.ipt_uif_common .ui-widget input,\n\tbody #ipt_fsqm_form_wrap_125.ipt_uif_common .ui-widget select,\n\tbody #ipt_fsqm_form_wrap_125.ipt_uif_common .ui-widget textarea,\n\tbody #ipt_fsqm_form_wrap_125.ipt_uif_common .ui-widget button,\n\tbody #ipt_fsqm_form_wrap_125.ipt_uif_common .ipt_uif_divider span.ipt_uif_divider_text span.subtitle {\n\t\tfont-family: 'Roboto', Tahoma, Geneva, sans-serif;\n\t}\n\tbody #ipt_fsqm_form_wrap_125 h1,\n\tbody #ipt_fsqm_form_wrap_125 h2,\n\tbody #ipt_fsqm_form_wrap_125 h3,\n\tbody #ipt_fsqm_form_wrap_125 h4,\n\tbody #ipt_fsqm_form_wrap_125 h5,\n\tbody #ipt_fsqm_form_wrap_125 h6,\n\tbody .ipt_fsqm_form_tabs .ui-tabs-nav,\n\t#ipt_fsqm_form_wrap_125 .ipt_uif_matrix thead,\n\t#ipt_fsqm_form_wrap_125 .ipt_uif_matrix th,\n\tbody .ipt_fsqm_form_sda .ipt_fsqm_form_sda_head,\n\tbody .ui-dialog .ui-dialog-title,\n\tbody #ipt_fsqm_form_wrap_125 ul.ipt_fsqm_form_ul_menu li a,\n\tbody #ipt_fsqm_form_wrap_125 .ipt_fsqm_form_message,\n\tbody #ipt_fsqm_form_wrap_125 .ipt_uif_tabs.ui-tabs .ui-tabs-nav li,\n\tbody #ipt_fsqm_form_wrap_125 .ipt_uif_question .ipt_uif_question_label .ipt_uif_question_title,\n\tbody #ipt_fsqm_form_wrap_125 .ipt_uif_divider {\n\t\tfont-family: 'Roboto', Tahoma, Geneva, sans-serif;\n\t\tfont-weight: bold;\n\t\tfont-style: normal;\n\t}\n\n\tbody #ipt_fsqm_form_wrap_125 {\n\t\tfont-size: 16px;\n\t}\n\/**\/<\/style><style type=\"text\/css\">.ipt-uif-custom-material-bg .ipt-eform-content {\n    box-shadow: none !important;\n}\n\n.ipt-uif-custom-material-bg .ui-tabs .ui-tabs-panel {\n    padding: 14px 0px !important;\n}\n\nbutton.ipt_fsqm_form_button_prev {\n    order: 1 !important;\n}\n\nbutton.ipt_fsqm_form_button_next {\n    order: 2 !important;\n}\n\nbutton.ipt_fsqm_form_button_submit {\n    order: 3 !important;\n}\n\n.ipt-uif-custom-material-bg input[type=number] {\n    text-align: left !important;\n}\/**\/<\/style><div\nid=\"ipt_fsqm_form_wrap_125\"\nclass=\"ipt_uif_front ipt_uif_common type_1 ui-front ipt_fsqm_form eform-ltr eform-override-element-material eform-override-alignment-inherit\"\ndata-ui-type=\"1\"\ndata-ui-theme=\"[&quot;https:\\\/\\\/spjelentkezes.mdakft.hu\\\/wp-content\\\/plugins\\\/wp-fsqm-pro\\\/static\\\/front\\\/css\\\/material-themes\\\/light-themes\\\/blue-grey.css?ver=4.19.1&quot;]\"\ndata-ui-theme-id=\"material-bg\"\ndata-animation=\"1\"\ndata-subscription-form=\"false\"\n>\n<noscript><div\nclass=\"ipt_fsqm_form_message_noscript ui-widget ui-widget-content ui-corner-all\"><div\nclass=\"ui-helper-reset ui-helper-clearfix ui-widget-header ui-corner-all\"><div>Javascript is disabled<\/div><\/div><div\nclass=\"ui-widget-content ui-corner-bottom\"><p>Javascript is disabled on your browser. Please enable it in order to use this form.<\/p><\/div><\/div>\n<\/noscript><style type=\"text\/css\">.ipt_uif_ajax_loader,\n\t\t\t.ipt_uif_ajax_loader *,\n\t\t\tipt_uif_ajax_loader *::before,\n\t\t\tipt_uif_ajax_loader *::after {\n\t\t\t\tbox-sizing: border-box;\n\t\t\t}<\/style><div\nclass=\"ipt_uif_init_loader ipt-eform-preloader-inline ipt_uif_ajax_loader\"><div\nclass=\"ipt-eform-preloader-inner\"><div\nclass=\"ipt-eform-preloader-circle\"><div\nclass=\"preloader-wrapper active\"><div\nclass=\"spinner-layer spinner-blue\"><div\nclass=\"circle-clipper left\"><div\nclass=\"circle\"><\/div><\/div><div\nclass=\"gap-patch\"><div\nclass=\"circle\"><\/div><\/div><div\nclass=\"circle-clipper right\"><div\nclass=\"circle\"><\/div><\/div><\/div><div\nclass=\"spinner-layer spinner-red\"><div\nclass=\"circle-clipper left\"><div\nclass=\"circle\"><\/div><\/div><div\nclass=\"gap-patch\"><div\nclass=\"circle\"><\/div><\/div><div\nclass=\"circle-clipper right\"><div\nclass=\"circle\"><\/div><\/div><\/div><div\nclass=\"spinner-layer spinner-yellow\"><div\nclass=\"circle-clipper left\"><div\nclass=\"circle\"><\/div><\/div><div\nclass=\"gap-patch\"><div\nclass=\"circle\"><\/div><\/div><div\nclass=\"circle-clipper right\"><div\nclass=\"circle\"><\/div><\/div><\/div><div\nclass=\"spinner-layer spinner-green\"><div\nclass=\"circle-clipper left\"><div\nclass=\"circle\"><\/div><\/div><div\nclass=\"gap-patch\"><div\nclass=\"circle\"><\/div><\/div><div\nclass=\"circle-clipper right\"><div\nclass=\"circle\"><\/div><\/div><\/div><\/div><\/div><div\nclass=\"ipt-eform-preloader-text\"><div\nclass=\"ipt-eform-preloader-text-inner ipt_uif_ajax_loader_text\">Loading<\/div><\/div><div\nclass=\"clear\"><\/div><\/div><\/div><div\nstyle=\"display: none;\" class=\"ipt_uif_hidden_init\"><div\nclass=\"ipt_uif_message ipt_fsqm_uif_message_red ui-widget ui-widget-content ui-corner-all ipt_uif_widget_box\"><div\nclass=\"ui-helper-reset ui-helper-clearfix ui-widget-header ui-corner-all\"><h3>\n<span\nclass=\"ipt-icomoon-warning2 ipt_uif_text_icon_no_bg\"><\/span>\nOops!<\/h3><\/div><div\nclass=\"ui-widget-content ui-corner-all\"><p>A bek\u00fcld\u00e9si hat\u00e1rid\u0151 lej\u00e1rt. Sajnos m\u00e1r nem lehet jelentkez\u00e9st bek\u00fcldeni.<\/p><\/div><\/div><\/div><\/div>\t\n<\/div><\/div>\n\n<\/div><\/div>\n\n\n<p><\/p>\n","protected":false},"excerpt":{"rendered":"<p>K\u00fclhoni magyarok felv\u00e9teli-\u00e9retts\u00e9gi el\u0151k\u00e9sz\u00edt\u0151 k\u00e9pz\u00e9se 2025\/2026K\u00e1rp\u00e1talja A Balassi B\u00e1lint-\u00f6szt\u00f6nd\u00edjprogramr\u00f3l sz\u00f3l\u00f3 606\/2023. (XII. 22.) Korm. rendelet, valamint a K\u00fclgazdas\u00e1gi \u00e9s K\u00fcl\u00fcgyminiszt\u00e9rium Szervezeti \u00e9s M\u0171k\u00f6d\u00e9si Szab\u00e1lyzat\u00e1r\u00f3l sz\u00f3l\u00f3 11\/2022. (IX. 6.) KKM utas\u00edt\u00e1s&nbsp;alapj\u00e1n a K\u00fclgazdas\u00e1gi \u00e9s K\u00fcl\u00fcgyminiszt\u00e9rium (a tov\u00e1bbiakban: KKM) \u00f6szt\u00f6nd\u00edjp\u00e1ly\u00e1zatot hirdet a&nbsp;2025\/2026. tan\u00e9vre, k\u00fclhoni magyarok \u00c9RETTS\u00c9GI-FELV\u00c9TELI EL\u0150K\u00c9SZ\u00cdT\u0150 K\u00c9PZ\u00c9S\u00c9RE. Hat\u00e1rid\u0151 A p\u00e1ly\u00e1zat bek\u00fcld\u00e9si hat\u00e1rideje: 2025. j\u00falius 30., 12.00 &#8230; <a title=\"K\u00fclhoni magyarok felv\u00e9teli-\u00e9retts\u00e9gi el\u0151k\u00e9sz\u00edt\u0151 k\u00e9pz\u00e9se 2025 &#8211; K\u00e1rp\u00e1talja\" class=\"read-more\" href=\"https:\/\/spjelentkezes.mdakft.hu\/en\/kulhoni-magyarok-felveteli-erettsegi-elokeszito-kepzese-2025-karpatalja\/\" aria-label=\"Read more about K\u00fclhoni magyarok felv\u00e9teli-\u00e9retts\u00e9gi el\u0151k\u00e9sz\u00edt\u0151 k\u00e9pz\u00e9se 2025 &#8211; K\u00e1rp\u00e1talja\">Read more<\/a><\/p>\n","protected":false},"author":19,"featured_media":0,"parent":0,"menu_order":0,"comment_status":"closed","ping_status":"closed","template":"","meta":{"footnotes":""},"class_list":["post-1630","page","type-page","status-publish"],"_links":{"self":[{"href":"https:\/\/spjelentkezes.mdakft.hu\/en\/wp-json\/wp\/v2\/pages\/1630","targetHints":{"allow":["GET"]}}],"collection":[{"href":"https:\/\/spjelentkezes.mdakft.hu\/en\/wp-json\/wp\/v2\/pages"}],"about":[{"href":"https:\/\/spjelentkezes.mdakft.hu\/en\/wp-json\/wp\/v2\/types\/page"}],"author":[{"embeddable":true,"href":"https:\/\/spjelentkezes.mdakft.hu\/en\/wp-json\/wp\/v2\/users\/19"}],"replies":[{"embeddable":true,"href":"https:\/\/spjelentkezes.mdakft.hu\/en\/wp-json\/wp\/v2\/comments?post=1630"}],"version-history":[{"count":0,"href":"https:\/\/spjelentkezes.mdakft.hu\/en\/wp-json\/wp\/v2\/pages\/1630\/revisions"}],"wp:attachment":[{"href":"https:\/\/spjelentkezes.mdakft.hu\/en\/wp-json\/wp\/v2\/media?parent=1630"}],"curies":[{"name":"wp","href":"https:\/\/api.w.org\/{rel}","templated":true}]}}