{"id":1551,"date":"2025-04-16T13:27:17","date_gmt":"2025-04-16T11:27:17","guid":{"rendered":"https:\/\/spjelentkezes.mdakft.hu\/?page_id=1551"},"modified":"2025-06-10T16:40:31","modified_gmt":"2025-06-10T14:40:31","slug":"preparatory-programme-of-entrance-examination-and-matriculation-exam-for-hungarians-in-the-diaspora-2025","status":"publish","type":"page","link":"https:\/\/spjelentkezes.mdakft.hu\/en\/preparatory-programme-of-entrance-examination-and-matriculation-exam-for-hungarians-in-the-diaspora-2025\/","title":{"rendered":"Preparatory Programme of Entrance Examination and Matriculation Exam for Hungarians in the Diaspora &#8211; 2025"},"content":{"rendered":"<div class=\"gb-container gb-container-0b1fccfb shadow\"><div class=\"gb-inside-container\">\n\n<h2 class=\"gb-headline gb-headline-6bc52b45\"><span class=\"gb-icon\"><svg version=\"1.1\" id=\"Capa_1\" xmlns=\"http:\/\/www.w3.org\/2000\/svg\" xmlns:xlink=\"http:\/\/www.w3.org\/1999\/xlink\" x=\"0px\" y=\"0px\" width=\"21.862px\" height=\"21.862px\" viewBox=\"0 0 21.862 21.862\" style=\"enable-background:new 0 0 21.862 21.862;\" xml:space=\"preserve\"> <g> \t<path style=\"fill:#121111;\" d=\"M21.631,7.214c-1.06-0.353-1.571-2.072-3.076-1.263c-0.131,0.069-0.397-0.022-0.56-0.113 \t\tc-1.857-1.037-2.95-0.921-4.67,0.385c-0.412,0.311-0.95,0.42-1.527,0.502C10.57,6.898,9.115,6.678,8.288,8.026 \t\tc-0.214,0.348-0.62,0.33-0.965,0.339c-1.17,0.039-2.35,0.152-3.327-0.75C3.51,7.167,2.973,7.275,2.851,7.929 \t\tC2.699,8.729,2.367,8.81,1.698,8.542c-0.334-0.135-0.788-0.13-0.705,0.42c0.192,1.274-0.192,2.429-0.993,2.93 \t\tc0.631,1.799,2.303,2.622,3.649,3.688c1.28,1.018,2.729,1.582,4.623,0.709c1.513-0.695,3.192-1.426,5.09-1.117 \t\tc1.144,0.184,2.42-0.134,3.191-1.199c0.65-0.897,1.159-1.898,1.73-2.854c0.709-1.192,1.158-2.601,2.897-2.79 \t\tC21.596,8.287,22.197,7.404,21.631,7.214z\"><\/path> <\/g> <g> <\/g> <g> <\/g> <g> <\/g> <g> <\/g> <g> <\/g> <g> <\/g> <g> <\/g> <g> <\/g> <g> <\/g> <g> <\/g> <g> <\/g> <g> <\/g> <g> <\/g> <g> <\/g> <g> <\/g> <\/svg><\/span><span class=\"gb-headline-text\">Preparatory Programme of Entrance Examination and Matriculation Exam for Hungarians in the <br><strong>Diaspora<\/strong><\/span><\/h2>\n\n\n\n<hr class=\"wp-block-separator has-css-opacity is-style-wide\"\/>\n\n\n\n<p>Based on the 606\/2023. (XII.22.) Government Decree and the 11\/2022. (IX.6.) MFA Order on the Organizational and Operational Regulations of the MFA,&nbsp;the Ministry of Foreign Affairs and Trade (MFA) invite applications for a Preparatory Programme of Entrance Examination and Matriculation Exam for Hungarians in the Diaspora in the academic year of&nbsp;2025\/2026.<\/p>\n\n\n\n<h3 class=\"gb-headline gb-headline-db8e71cb\"><span class=\"gb-icon\"><svg aria-hidden=\"true\" height=\"1em\" width=\"1em\" viewBox=\"0 0 512 512\" xmlns=\"http:\/\/www.w3.org\/2000\/svg\"><path fill=\"currentColor\" d=\"M256 8C119 8 8 119 8 256s111 248 248 248 248-111 248-248S393 8 256 8zm0 448c-110.5 0-200-89.5-200-200S145.5 56 256 56s200 89.5 200 200-89.5 200-200 200zm61.8-104.4l-84.9-61.7c-3.1-2.3-4.9-5.9-4.9-9.7V116c0-6.6 5.4-12 12-12h32c6.6 0 12 5.4 12 12v141.7l66.8 48.6c5.4 3.9 6.5 11.4 2.6 16.8L334.6 349c-3.9 5.3-11.4 6.5-16.8 2.6z\"><\/path><\/svg><\/span><span class=\"gb-headline-text\">Deadline<\/span><\/h3>\n\n\n\n<p>Deadline of submitting the applications: July 30., 2025, 12:00 (UTC+1)<\/p>\n\n\n\n<h3 class=\"gb-headline gb-headline-3343ea6f\"><span class=\"gb-icon\"><svg xmlns=\"http:\/\/www.w3.org\/2000\/svg\" viewBox=\"0 0 448 512\" width=\"1em\" height=\"1em\" aria-hidden=\"true\"><path d=\"M16 132h416c8.837 0 16-7.163 16-16V76c0-8.837-7.163-16-16-16H16C7.163 60 0 67.163 0 76v40c0 8.837 7.163 16 16 16zm0 160h416c8.837 0 16-7.163 16-16v-40c0-8.837-7.163-16-16-16H16c-8.837 0-16 7.163-16 16v40c0 8.837 7.163 16 16 16zm0 160h416c8.837 0 16-7.163 16-16v-40c0-8.837-7.163-16-16-16H16c-8.837 0-16 7.163-16 16v40c0 8.837 7.163 16 16 16z\" fill=\"currentColor\"><\/path><\/svg><\/span><span class=\"gb-headline-text\">The call of application<\/span><\/h3>\n\n\n\n<p>The call for application is published at:<br><a href=\"https:\/\/balassieducation.hu\/en\/study-programmes\/hungarian-diaspora-scholarship-university-preparatory-programme-of-mfa\/\" data-type=\"link\" data-id=\"https:\/\/balassieducation.hu\/en\/study-programmes\/hungarian-diaspora-scholarship-university-preparatory-programme-of-mfa\/\" target=\"_blank\" rel=\"noreferrer noopener\">https:\/\/balassieducation.hu\/en\/study-programmes\/hungarian-diaspora-scholarship-university-preparatory-programme-of-mfa\/<\/a><\/p>\n\n\n\n<h3 class=\"gb-headline gb-headline-676b81b3\"><span class=\"gb-icon\"><svg id=\"Layer_1_1_\" height=\"512\" viewBox=\"0 0 64 64\" width=\"512\" xmlns=\"http:\/\/www.w3.org\/2000\/svg\"><path d=\"m9 15c2.97223 0 5.43304-2.16339 5.91003-5h11.6759l-1.29297 1.29297 1.41406 1.41406 3.70704-3.70703-3.70703-3.70703-1.41406 1.41406 1.29297 1.29297h-11.6759c-.477-2.83661-2.93781-5-5.91004-5-3.31372 0-6 2.68628-6 6s2.68628 6 6 6z\"><\/path><path d=\"m49.5 8h-6.58997c-.47699-2.83661-2.9378-5-5.91003-5-3.31372 0-6 2.68628-6 6s2.68628 6 6 6c2.97223 0 5.43304-2.16339 5.91003-5h6.58997c5.79004 0 10.5 4.71045 10.5 10.5s-4.70996 10.5-10.5 10.5h-16.08594l1.29297-1.29297-1.41406-1.41406-3.70703 3.70703 3.70703 3.70703 1.41406-1.41406-1.29297-1.29297h16.08594c6.89258 0 12.5-5.60742 12.5-12.5s-5.60742-12.5-12.5-12.5z\"><\/path><circle cx=\"55\" cy=\"55\" r=\"6\"><\/circle><path d=\"m27 49c-3.31372 0-6 2.68628-6 6s2.68628 6 6 6c2.97223 0 5.43304-2.16339 5.91003-5h11.6759l-1.29297 1.29297 1.41406 1.41406 3.70704-3.70703-3.70703-3.70703-1.41406 1.41406 1.29297 1.29297h-11.6759c-.477-2.83661-2.93781-5-5.91004-5z\"><\/path><path d=\"m14.5 56h2.08594l-1.29297 1.29297 1.41406 1.41406 3.70703-3.70703-3.70703-3.70703-1.41406 1.41406 1.29297 1.29297h-2.08594c-5.79004 0-10.5-4.71045-10.5-10.5s4.70996-10.5 10.5-10.5h2.58997c.47699 2.83661 2.93781 5 5.91003 5 3.31372 0 6-2.68628 6-6s-2.68628-6-6-6c-2.97223 0-5.43304 2.16339-5.91003 5h-2.58997c-6.89258 0-12.5 5.60742-12.5 12.5s5.60742 12.5 12.5 12.5z\"><\/path><\/svg><\/span><span class=\"gb-headline-text\">Steps of application:<\/span><\/h3>\n\n\n\n<ol class=\"wp-block-list\">\n<li>Click the field \u201eFill in application form\u201d.<\/li>\n\n\n\n<li>Fill in the application form and upload the necessary documents:\n<ul class=\"wp-block-list\">\n<li>signed (applicant or legal representativ), printed <a href=\"https:\/\/spjelentkezes.mdakft.hu\/files\/Nyilatkozat_kulhoni_2025.pdf\" data-type=\"URL\" data-id=\"https:\/\/spjelentkezes.mdakft.hu\/files\/03_Nyilatkozat_Statement.pdf\" target=\"_blank\" rel=\"noreferrer noopener\">statement <\/a>(format: .pdf, jpg, jpeg),<\/li>\n\n\n\n<li>signed, printed <a href=\"https:\/\/spjelentkezes.mdakft.hu\/files\/Egeszsegugyi_nyilatkozat_kulhoni_2025.pdf\" data-type=\"link\" data-id=\"https:\/\/spjelentkezes.mdakft.hu\/files\/Egeszsegugyi_nyilatkozat_kulhoni_2025.pdf\" target=\"_blank\" rel=\"noreferrer noopener\">health declaration<\/a> (format: .pdf, jpg, jpeg),<\/li>\n\n\n\n<li>copy of the certificates of each grade of the secondary school (in Hungarian or English, in case of another language: with simple Hungarian translation) (format: .pdf, jpg, jpeg),<\/li>\n\n\n\n<li>copy of the secondary school certificate obtained in homeland (in Hungarian or English, in case of another language: together with its simple Hungarian translation) (format: .pdf, jpg, jpeg),<\/li>\n\n\n\n<li>copy of the certificate of matriculation exam obtained in Hungary at intermediate and\/or advanced level, if any (format: .pdf, jpg, jpeg),<\/li>\n\n\n\n<li>copy of passport (format: .pdf, jpg, jpeg),<\/li>\n\n\n\n<li>statement of support or recommendation from the head of a Hungarian organization, association or council operating in the Applicant&#8217;s homeland, as a certification of successful work carried out by the Applicant in Hungarian communities in Western Europe or outside Europe (associations, scouting, etc.) (optional condition) (format: .pdf, jpg, jpeg),<\/li>\n\n\n\n<li>copy of the proof of permanent residence (format: .pdf, jpg, jpeg)<\/li>\n\n\n\n<li>in case of applying for a degree in the field of art and art-mediation, a written recommendation on the applicant&#8217;s talent and level of professional knowledge is required (format: .pdf, jpg, jpeg),<\/li>\n\n\n\n<li>motivation letter up to one page: why do I want to study in Hungary? (in Hungarian or English) (format: .pdf, jpg, jpeg)<\/li>\n<\/ul>\n<\/li>\n\n\n\n<li>Finish and submit the application<\/li>\n<\/ol>\n\n\n\n<h3 class=\"gb-headline gb-headline-f13131e3\"><span class=\"gb-icon\"><svg version=\"1.1\" id=\"Capa_1\" xmlns=\"http:\/\/www.w3.org\/2000\/svg\" xmlns:xlink=\"http:\/\/www.w3.org\/1999\/xlink\" x=\"0px\" y=\"0px\" viewBox=\"0 0 512 512\" style=\"enable-background:new 0 0 512 512;\" xml:space=\"preserve\"> <g> \t<g> \t\t<path d=\"M256,0C115.2,0,0,115.2,0,256s115.2,256,256,256s256-115.2,256-256S396.8,0,256,0z M256,51.2 \t\t\tc28.16,0,48.64,23.04,46.08,51.2L281.6,307.2h-51.2l-20.48-204.8C207.36,74.24,227.84,51.2,256,51.2z M256,460.8 \t\t\tc-28.16,0-51.2-23.04-51.2-51.2c0-28.16,23.04-51.2,51.2-51.2s51.2,23.04,51.2,51.2C307.2,437.76,284.16,460.8,256,460.8z\"><\/path> \t<\/g> <\/g> <g> <\/g> <g> <\/g> <g> <\/g> <g> <\/g> <g> <\/g> <g> <\/g> <g> <\/g> <g> <\/g> <g> <\/g> <g> <\/g> <g> <\/g> <g> <\/g> <g> <\/g> <g> <\/g> <g> <\/g> <\/svg><\/span><span class=\"gb-headline-text\">Please note the following during the application:<\/span><\/h3>\n\n\n\n<ul class=\"wp-block-list\">\n<li>we recommend using Chrome, Firefox, Edge or Safari browsers<\/li>\n\n\n\n<li>you can save the unfinished application after filling in the form, then later (but during the application period) you can continue to upload the documents or make a correction (using the data received by email)<\/li>\n\n\n\n<li>please make sure to upload all the necessary documents by the application deadline<\/li>\n\n\n\n<li>please pay attention to the emails you receive to your provided email address because any information regarding the application and application results will be sent to the applicants via email, by the specified date<\/li>\n<\/ul>\n\n\n\n<div class=\"Accordion\" data-accordion=\"\">\n<div class=\"Accordion__title\" data-title=\"\">\n<h4><svg aria-hidden=\"true\" height=\"1em\" width=\"1em\" viewBox=\"0 0 512 512\" xmlns=\"http:\/\/www.w3.org\/2000\/svg\"><path fill=\"currentColor\" d=\"M504 256c0 136.967-111.033 248-248 248S8 392.967 8 256 119.033 8 256 8s248 111.033 248 248zM227.314 387.314l184-184c6.248-6.248 6.248-16.379 0-22.627l-22.627-22.627c-6.248-6.249-16.379-6.249-22.628 0L216 308.118l-70.059-70.059c-6.248-6.248-16.379-6.248-22.628 0l-22.627 22.627c-6.248 6.248-6.248 16.379 0 22.627l104 104c6.249 6.249 16.379 6.249 22.628.001z\"><\/path><\/svg>\nFill in application form<\/h4><\/div>\n<div class=\"Accordion__content\" data-content=\"\">\n<link\nrel=\"stylesheet\" type=\"text\/css\" href=\"\/\/fonts.googleapis.com\/css?family=Roboto:400,400italic,700,700italic|Roboto:400,400italic,700,700italic\" \/><style type=\"text\/css\">\/*==============================================================================\n\t * Font Family\n\t *============================================================================*\/\n\tbody #ipt_fsqm_form_wrap_128,\n\tbody #ipt_fsqm_form_wrap_128.ipt_uif_common,\n\tbody #ipt_fsqm_form_wrap_128.ipt_uif_common .ui-widget,\n\tbody #ipt_fsqm_form_wrap_128.ipt_uif_tabs.ui-tabs .ui-tabs-nav li a span,\n\tbody #ipt_fsqm_form_wrap_128.ipt_uif_common .ui-widget input,\n\tbody #ipt_fsqm_form_wrap_128.ipt_uif_common .ui-widget select,\n\tbody #ipt_fsqm_form_wrap_128.ipt_uif_common .ui-widget textarea,\n\tbody #ipt_fsqm_form_wrap_128.ipt_uif_common .ui-widget button,\n\tbody #ipt_fsqm_form_wrap_128.ipt_uif_common .ipt_uif_divider span.ipt_uif_divider_text span.subtitle {\n\t\tfont-family: 'Roboto', Tahoma, Geneva, sans-serif;\n\t}\n\tbody #ipt_fsqm_form_wrap_128 h1,\n\tbody #ipt_fsqm_form_wrap_128 h2,\n\tbody #ipt_fsqm_form_wrap_128 h3,\n\tbody #ipt_fsqm_form_wrap_128 h4,\n\tbody #ipt_fsqm_form_wrap_128 h5,\n\tbody #ipt_fsqm_form_wrap_128 h6,\n\tbody .ipt_fsqm_form_tabs .ui-tabs-nav,\n\t#ipt_fsqm_form_wrap_128 .ipt_uif_matrix thead,\n\t#ipt_fsqm_form_wrap_128 .ipt_uif_matrix th,\n\tbody .ipt_fsqm_form_sda .ipt_fsqm_form_sda_head,\n\tbody .ui-dialog .ui-dialog-title,\n\tbody #ipt_fsqm_form_wrap_128 ul.ipt_fsqm_form_ul_menu li a,\n\tbody #ipt_fsqm_form_wrap_128 .ipt_fsqm_form_message,\n\tbody #ipt_fsqm_form_wrap_128 .ipt_uif_tabs.ui-tabs .ui-tabs-nav li,\n\tbody #ipt_fsqm_form_wrap_128 .ipt_uif_question .ipt_uif_question_label .ipt_uif_question_title,\n\tbody #ipt_fsqm_form_wrap_128 .ipt_uif_divider {\n\t\tfont-family: 'Roboto', Tahoma, Geneva, sans-serif;\n\t\tfont-weight: bold;\n\t\tfont-style: normal;\n\t}\n\n\tbody #ipt_fsqm_form_wrap_128 {\n\t\tfont-size: 16px;\n\t}\n\/**\/<\/style><style type=\"text\/css\">.ipt-uif-custom-material-bg .ipt-eform-content {\n    box-shadow: none !important;\n}\n\n.ipt-uif-custom-material-bg .ui-tabs .ui-tabs-panel {\n    padding: 14px 0px !important;\n}\n\nbutton.ipt_fsqm_form_button_prev {\n    order: 1 !important;\n}\n\nbutton.ipt_fsqm_form_button_next {\n    order: 2 !important;\n}\n\nbutton.ipt_fsqm_form_button_submit {\n    order: 3 !important;\n}\n\n.ipt-uif-custom-material-bg input[type=number] {\n    text-align: left !important;\n}\/**\/<\/style><div\nid=\"ipt_fsqm_form_wrap_128\"\nclass=\"ipt_uif_front ipt_uif_common type_1 ui-front ipt_fsqm_form eform-ltr eform-override-element-material eform-override-alignment-inherit\"\ndata-ui-type=\"1\"\ndata-ui-theme=\"[&quot;https:\\\/\\\/spjelentkezes.mdakft.hu\\\/wp-content\\\/plugins\\\/wp-fsqm-pro\\\/static\\\/front\\\/css\\\/material-themes\\\/light-themes\\\/blue-grey.css?ver=4.19.1&quot;]\"\ndata-ui-theme-id=\"material-bg\"\ndata-animation=\"1\"\ndata-subscription-form=\"false\"\n>\n<noscript><div\nclass=\"ipt_fsqm_form_message_noscript ui-widget ui-widget-content ui-corner-all\"><div\nclass=\"ui-helper-reset ui-helper-clearfix ui-widget-header ui-corner-all\"><div>Javascript is disabled<\/div><\/div><div\nclass=\"ui-widget-content ui-corner-bottom\"><p>Javascript is disabled on your browser. Please enable it in order to use this form.<\/p><\/div><\/div>\n<\/noscript><style type=\"text\/css\">.ipt_uif_ajax_loader,\n\t\t\t.ipt_uif_ajax_loader *,\n\t\t\tipt_uif_ajax_loader *::before,\n\t\t\tipt_uif_ajax_loader *::after {\n\t\t\t\tbox-sizing: border-box;\n\t\t\t}<\/style><div\nclass=\"ipt_uif_init_loader ipt-eform-preloader-inline ipt_uif_ajax_loader\"><div\nclass=\"ipt-eform-preloader-inner\"><div\nclass=\"ipt-eform-preloader-circle\"><div\nclass=\"preloader-wrapper active\"><div\nclass=\"spinner-layer spinner-blue\"><div\nclass=\"circle-clipper left\"><div\nclass=\"circle\"><\/div><\/div><div\nclass=\"gap-patch\"><div\nclass=\"circle\"><\/div><\/div><div\nclass=\"circle-clipper right\"><div\nclass=\"circle\"><\/div><\/div><\/div><div\nclass=\"spinner-layer spinner-red\"><div\nclass=\"circle-clipper left\"><div\nclass=\"circle\"><\/div><\/div><div\nclass=\"gap-patch\"><div\nclass=\"circle\"><\/div><\/div><div\nclass=\"circle-clipper right\"><div\nclass=\"circle\"><\/div><\/div><\/div><div\nclass=\"spinner-layer spinner-yellow\"><div\nclass=\"circle-clipper left\"><div\nclass=\"circle\"><\/div><\/div><div\nclass=\"gap-patch\"><div\nclass=\"circle\"><\/div><\/div><div\nclass=\"circle-clipper right\"><div\nclass=\"circle\"><\/div><\/div><\/div><div\nclass=\"spinner-layer spinner-green\"><div\nclass=\"circle-clipper left\"><div\nclass=\"circle\"><\/div><\/div><div\nclass=\"gap-patch\"><div\nclass=\"circle\"><\/div><\/div><div\nclass=\"circle-clipper right\"><div\nclass=\"circle\"><\/div><\/div><\/div><\/div><\/div><div\nclass=\"ipt-eform-preloader-text\"><div\nclass=\"ipt-eform-preloader-text-inner ipt_uif_ajax_loader_text\">Loading<\/div><\/div><div\nclass=\"clear\"><\/div><\/div><\/div><div\nstyle=\"display: none;\" class=\"ipt_uif_hidden_init\"><div\nclass=\"ipt_uif_message ipt_fsqm_uif_message_red ui-widget ui-widget-content ui-corner-all ipt_uif_widget_box\"><div\nclass=\"ui-helper-reset ui-helper-clearfix ui-widget-header ui-corner-all\"><h3>\n<span\nclass=\"ipt-icomoon-warning2 ipt_uif_text_icon_no_bg\"><\/span>\nOops!<\/h3><\/div><div\nclass=\"ui-widget-content ui-corner-all\"><p>A bek\u00fcld\u00e9si hat\u00e1rid\u0151 lej\u00e1rt. Sajnos m\u00e1r nem lehet jelentkez\u00e9st bek\u00fcldeni.<\/p><\/div><\/div><\/div><\/div>\t\n<\/div><\/div>\n\n<\/div><\/div>\n\n\n<p><\/p>\n","protected":false},"excerpt":{"rendered":"<p>Preparatory Programme of Entrance Examination and Matriculation Exam for Hungarians in the Diaspora Based on the 606\/2023. (XII.22.) Government Decree and the 11\/2022. (IX.6.) MFA Order on the Organizational and Operational Regulations of the MFA,&nbsp;the Ministry of Foreign Affairs and Trade (MFA) invite applications for a Preparatory Programme of Entrance Examination and Matriculation Exam for &#8230; <a title=\"Preparatory Programme of Entrance Examination and Matriculation Exam for Hungarians in the Diaspora &#8211; 2025\" class=\"read-more\" href=\"https:\/\/spjelentkezes.mdakft.hu\/en\/preparatory-programme-of-entrance-examination-and-matriculation-exam-for-hungarians-in-the-diaspora-2025\/\" aria-label=\"Read more about Preparatory Programme of Entrance Examination and Matriculation Exam for Hungarians in the Diaspora &#8211; 2025\">Read more<\/a><\/p>\n","protected":false},"author":19,"featured_media":0,"parent":0,"menu_order":0,"comment_status":"closed","ping_status":"closed","template":"","meta":{"footnotes":""},"class_list":["post-1551","page","type-page","status-publish"],"_links":{"self":[{"href":"https:\/\/spjelentkezes.mdakft.hu\/en\/wp-json\/wp\/v2\/pages\/1551","targetHints":{"allow":["GET"]}}],"collection":[{"href":"https:\/\/spjelentkezes.mdakft.hu\/en\/wp-json\/wp\/v2\/pages"}],"about":[{"href":"https:\/\/spjelentkezes.mdakft.hu\/en\/wp-json\/wp\/v2\/types\/page"}],"author":[{"embeddable":true,"href":"https:\/\/spjelentkezes.mdakft.hu\/en\/wp-json\/wp\/v2\/users\/19"}],"replies":[{"embeddable":true,"href":"https:\/\/spjelentkezes.mdakft.hu\/en\/wp-json\/wp\/v2\/comments?post=1551"}],"version-history":[{"count":3,"href":"https:\/\/spjelentkezes.mdakft.hu\/en\/wp-json\/wp\/v2\/pages\/1551\/revisions"}],"predecessor-version":[{"id":1611,"href":"https:\/\/spjelentkezes.mdakft.hu\/en\/wp-json\/wp\/v2\/pages\/1551\/revisions\/1611"}],"wp:attachment":[{"href":"https:\/\/spjelentkezes.mdakft.hu\/en\/wp-json\/wp\/v2\/media?parent=1551"}],"curies":[{"name":"wp","href":"https:\/\/api.w.org\/{rel}","templated":true}]}}